{"id":12,"date":"2020-10-05T12:47:31","date_gmt":"2020-10-05T12:47:31","guid":{"rendered":"https:\/\/themes.muffingroup.com\/be\/ski2\/?page_id=12"},"modified":"2026-04-27T01:50:39","modified_gmt":"2026-04-26T23:50:39","slug":"mehrwert","status":"publish","type":"page","link":"https:\/\/christanell.2k-media.de\/de\/mehrwert\/","title":{"rendered":"Mehrwert"},"content":{"rendered":"\t\t<div data-elementor-type=\"wp-page\" data-elementor-id=\"12\" class=\"elementor elementor-12\">\n\t\t\t\t\t\t<section class=\"elementor-section elementor-top-section elementor-element elementor-element-de8ce63 elementor-section-stretched elementor-section-boxed elementor-section-height-default elementor-section-height-default wpr-particle-no wpr-jarallax-no wpr-parallax-no wpr-sticky-section-no wpr-equal-height-no\" data-id=\"de8ce63\" data-element_type=\"section\" data-e-type=\"section\" data-settings=\"{&quot;stretch_section&quot;:&quot;section-stretched&quot;,&quot;background_background&quot;:&quot;classic&quot;}\">\n\t\t\t\t\t\t<div class=\"elementor-container elementor-column-gap-wider\">\n\t\t\t\t\t<div class=\"elementor-column elementor-col-100 elementor-top-column elementor-element elementor-element-07da54d\" data-id=\"07da54d\" data-element_type=\"column\" data-e-type=\"column\">\n\t\t\t<div class=\"elementor-widget-wrap elementor-element-populated\">\n\t\t\t\t\t\t<div class=\"elementor-element elementor-element-28cf926 elementor-widget elementor-widget-heading\" data-id=\"28cf926\" data-element_type=\"widget\" data-e-type=\"widget\" data-widget_type=\"heading.default\">\n\t\t\t\t\t<h2 class=\"elementor-heading-title elementor-size-default\">Mehrwert<\/h2>\t\t\t\t<\/div>\n\t\t\t\t<section class=\"elementor-section elementor-inner-section elementor-element elementor-element-956f9e9 elementor-section-boxed elementor-section-height-default elementor-section-height-default wpr-particle-no wpr-jarallax-no wpr-parallax-no wpr-sticky-section-no wpr-equal-height-no\" data-id=\"956f9e9\" data-element_type=\"section\" data-e-type=\"section\" data-settings=\"{&quot;background_background&quot;:&quot;gradient&quot;}\">\n\t\t\t\t\t\t<div class=\"elementor-container elementor-column-gap-wider\">\n\t\t\t\t\t<div class=\"elementor-column elementor-col-50 elementor-inner-column elementor-element elementor-element-a5b1d70\" data-id=\"a5b1d70\" data-element_type=\"column\" data-e-type=\"column\" data-settings=\"{&quot;background_background&quot;:&quot;classic&quot;}\">\n\t\t\t<div class=\"elementor-widget-wrap elementor-element-populated\">\n\t\t\t\t\t\t<div class=\"elementor-element elementor-element-72ea44d elementor-widget elementor-widget-text-editor\" data-id=\"72ea44d\" data-element_type=\"widget\" data-e-type=\"widget\" data-widget_type=\"text-editor.default\">\n\t\t\t\t\t\t\t\t\t<p>Voller Terminkalender, hohe Erwartungen, st\u00e4ndig Entscheidungen treffen? Viele meiner Kundinnen und Kunden stehen unter Druck, leiten Teams, bauen Unternehmen auf. Aber f\u00fcr sich selbst bleibt oft wenig Platz. Es fehlt der Austausch auf Augenh\u00f6he. Und die Zeit, in Ruhe \u00fcber das nachzudenken, was im Alltag keinen Raum bekommt.<\/p><p>\u00a0<\/p><p>Genau dort beginnt meine Arbeit. Ich begleite Menschen, die in komplexen Situationen stecken: neue F\u00fchrungsrolle, Teamumbr\u00fcche, Konflikte, Strategiewechsel, Neuausrichtung oder schlicht das Gef\u00fchl, nicht mehr weiterzuwissen.<\/p><p>\u00a0<\/p><p>Was mich unterscheidet? Ich bin kein klassischer Coach \u201evon der Stange\u201c. Ich arbeite nicht nach einem starren Schema, sondern gehe intuitiv auf die Menschen ein, h\u00f6re hin und frage nach und ich wei\u00df, wie sich Druck anf\u00fchlt, aber auch, wie man wieder handlungsf\u00e4hig wird. Und genau das bringe ich dir bei.<\/p>\t\t\t\t\t\t\t\t<\/div>\n\t\t\t\t\t<\/div>\n\t\t<\/div>\n\t\t\t\t<div class=\"elementor-column elementor-col-50 elementor-inner-column elementor-element elementor-element-b3672c4\" data-id=\"b3672c4\" data-element_type=\"column\" data-e-type=\"column\" data-settings=\"{&quot;background_background&quot;:&quot;classic&quot;}\">\n\t\t\t<div class=\"elementor-widget-wrap elementor-element-populated\">\n\t\t\t\t\t\t<div class=\"elementor-element elementor-element-5a5269f elementor-widget elementor-widget-text-editor\" data-id=\"5a5269f\" data-element_type=\"widget\" data-e-type=\"widget\" data-widget_type=\"text-editor.default\">\n\t\t\t\t\t\t\t\t\t<h1><strong>\u201eManche kommen mit einem klaren Ziel. Andere mit einer inneren Zerrissenheit. <\/strong><strong>Beides ist ein guter Anfang.\u201c<\/strong><\/h1><h5><em>Kilian Christanell<\/em><\/h5>\t\t\t\t\t\t\t\t<\/div>\n\t\t\t\t<div class=\"elementor-element elementor-element-511259d elementor-widget elementor-widget-spacer\" data-id=\"511259d\" data-element_type=\"widget\" data-e-type=\"widget\" data-widget_type=\"spacer.default\">\n\t\t\t\t\t\t\t<div class=\"elementor-spacer\">\n\t\t\t<div class=\"elementor-spacer-inner\"><\/div>\n\t\t<\/div>\n\t\t\t\t\t\t<\/div>\n\t\t\t\t\t<\/div>\n\t\t<\/div>\n\t\t\t\t\t<\/div>\n\t\t<\/section>\n\t\t\t\t\t<\/div>\n\t\t<\/div>\n\t\t\t\t\t<\/div>\n\t\t<\/section>\n\t\t\t\t<section class=\"elementor-section elementor-top-section elementor-element elementor-element-8ea69c3 elementor-section-stretched elementor-section-boxed elementor-section-height-default elementor-section-height-default wpr-particle-no wpr-jarallax-no wpr-parallax-no wpr-sticky-section-no wpr-equal-height-no\" data-id=\"8ea69c3\" data-element_type=\"section\" data-e-type=\"section\" data-settings=\"{&quot;stretch_section&quot;:&quot;section-stretched&quot;,&quot;background_background&quot;:&quot;classic&quot;}\">\n\t\t\t\t\t\t<div class=\"elementor-container elementor-column-gap-wider\">\n\t\t\t\t\t<div class=\"elementor-column elementor-col-100 elementor-top-column elementor-element elementor-element-da7227d\" data-id=\"da7227d\" data-element_type=\"column\" data-e-type=\"column\">\n\t\t\t<div class=\"elementor-widget-wrap elementor-element-populated\">\n\t\t\t\t\t\t<div class=\"elementor-element elementor-element-14a73aa elementor-widget elementor-widget-spacer\" data-id=\"14a73aa\" data-element_type=\"widget\" data-e-type=\"widget\" data-widget_type=\"spacer.default\">\n\t\t\t\t\t\t\t<div class=\"elementor-spacer\">\n\t\t\t<div class=\"elementor-spacer-inner\"><\/div>\n\t\t<\/div>\n\t\t\t\t\t\t<\/div>\n\t\t\t\t\t<\/div>\n\t\t<\/div>\n\t\t\t\t\t<\/div>\n\t\t<\/section>\n\t\t\t\t<\/div>\n\t\t","protected":false},"excerpt":{"rendered":"<p>Mehrwert Voller Terminkalender, hohe Erwartungen, st\u00e4ndig Entscheidungen treffen? Viele meiner Kundinnen und Kunden stehen unter Druck, leiten Teams, bauen Unternehmen auf. Aber f\u00fcr sich selbst bleibt<span class=\"excerpt-hellip\"> [\u2026]<\/span><\/p>\n","protected":false},"author":1,"featured_media":0,"parent":0,"menu_order":0,"comment_status":"open","ping_status":"closed","template":"","meta":{"footnotes":""},"class_list":["post-12","page","type-page","status-publish","hentry"],"acf":[],"_links":{"self":[{"href":"https:\/\/christanell.2k-media.de\/de\/wp-json\/wp\/v2\/pages\/12","targetHints":{"allow":["GET"]}}],"collection":[{"href":"https:\/\/christanell.2k-media.de\/de\/wp-json\/wp\/v2\/pages"}],"about":[{"href":"https:\/\/christanell.2k-media.de\/de\/wp-json\/wp\/v2\/types\/page"}],"author":[{"embeddable":true,"href":"https:\/\/christanell.2k-media.de\/de\/wp-json\/wp\/v2\/users\/1"}],"replies":[{"embeddable":true,"href":"https:\/\/christanell.2k-media.de\/de\/wp-json\/wp\/v2\/comments?post=12"}],"version-history":[{"count":136,"href":"https:\/\/christanell.2k-media.de\/de\/wp-json\/wp\/v2\/pages\/12\/revisions"}],"predecessor-version":[{"id":1153,"href":"https:\/\/christanell.2k-media.de\/de\/wp-json\/wp\/v2\/pages\/12\/revisions\/1153"}],"wp:attachment":[{"href":"https:\/\/christanell.2k-media.de\/de\/wp-json\/wp\/v2\/media?parent=12"}],"curies":[{"name":"wp","href":"https:\/\/api.w.org\/{rel}","templated":true}]}}