{"id":128,"date":"2026-04-17T17:16:44","date_gmt":"2026-04-17T15:16:44","guid":{"rendered":"http:\/\/christanell.2k-media.de\/?page_id=128"},"modified":"2026-04-27T02:31:37","modified_gmt":"2026-04-27T00:31:37","slug":"leistungen","status":"publish","type":"page","link":"https:\/\/christanell.2k-media.de\/de\/leistungen\/","title":{"rendered":"Leistungen"},"content":{"rendered":"\t\t<div data-elementor-type=\"wp-page\" data-elementor-id=\"128\" class=\"elementor elementor-128\">\n\t\t\t\t\t\t<section class=\"elementor-section elementor-top-section elementor-element elementor-element-cbfc8b1 elementor-section-stretched elementor-section-boxed elementor-section-height-default elementor-section-height-default wpr-particle-no wpr-jarallax-no wpr-parallax-no wpr-sticky-section-no wpr-equal-height-no\" data-id=\"cbfc8b1\" data-element_type=\"section\" data-e-type=\"section\" data-settings=\"{&quot;stretch_section&quot;:&quot;section-stretched&quot;,&quot;background_background&quot;:&quot;classic&quot;}\">\n\t\t\t\t\t\t<div class=\"elementor-container elementor-column-gap-wider\">\n\t\t\t\t\t<div class=\"elementor-column elementor-col-100 elementor-top-column elementor-element elementor-element-680e8d1\" data-id=\"680e8d1\" data-element_type=\"column\" data-e-type=\"column\">\n\t\t\t<div class=\"elementor-widget-wrap elementor-element-populated\">\n\t\t\t\t\t\t<div class=\"elementor-element elementor-element-548ce84 elementor-widget elementor-widget-heading\" data-id=\"548ce84\" data-element_type=\"widget\" data-e-type=\"widget\" data-widget_type=\"heading.default\">\n\t\t\t\t\t<h2 class=\"elementor-heading-title elementor-size-default\">Leistungen<\/h2>\t\t\t\t<\/div>\n\t\t\t\t<section class=\"elementor-section elementor-inner-section elementor-element elementor-element-f617f0a elementor-section-boxed elementor-section-height-default elementor-section-height-default wpr-particle-no wpr-jarallax-no wpr-parallax-no wpr-sticky-section-no wpr-equal-height-no\" data-id=\"f617f0a\" data-element_type=\"section\" data-e-type=\"section\">\n\t\t\t\t\t\t<div class=\"elementor-container elementor-column-gap-wider\">\n\t\t\t\t\t<div class=\"elementor-column elementor-col-50 elementor-inner-column elementor-element elementor-element-d7950e9\" data-id=\"d7950e9\" data-element_type=\"column\" data-e-type=\"column\" data-settings=\"{&quot;background_background&quot;:&quot;classic&quot;}\">\n\t\t\t<div class=\"elementor-widget-wrap elementor-element-populated\">\n\t\t\t\t\t\t<div class=\"elementor-element elementor-element-8805e75 elementor-widget elementor-widget-text-editor\" data-id=\"8805e75\" data-element_type=\"widget\" data-e-type=\"widget\" data-widget_type=\"text-editor.default\">\n\t\t\t\t\t\t\t\t\t<h1><span style=\"color: #353189;\"><strong>F\u00dcHRUNG NEU DENKEN UND LEBEN<\/strong><\/span><\/h1>\t\t\t\t\t\t\t\t<\/div>\n\t\t\t\t\t<\/div>\n\t\t<\/div>\n\t\t\t\t<div class=\"elementor-column elementor-col-50 elementor-inner-column elementor-element elementor-element-ce48bbe\" data-id=\"ce48bbe\" data-element_type=\"column\" data-e-type=\"column\" data-settings=\"{&quot;background_background&quot;:&quot;classic&quot;}\">\n\t\t\t<div class=\"elementor-widget-wrap elementor-element-populated\">\n\t\t\t\t\t\t<div class=\"elementor-element elementor-element-322d5e9 elementor-widget elementor-widget-spacer\" data-id=\"322d5e9\" data-element_type=\"widget\" data-e-type=\"widget\" data-widget_type=\"spacer.default\">\n\t\t\t\t\t\t\t<div class=\"elementor-spacer\">\n\t\t\t<div class=\"elementor-spacer-inner\"><\/div>\n\t\t<\/div>\n\t\t\t\t\t\t<\/div>\n\t\t\t\t\t<\/div>\n\t\t<\/div>\n\t\t\t\t\t<\/div>\n\t\t<\/section>\n\t\t\t\t\t<\/div>\n\t\t<\/div>\n\t\t\t\t\t<\/div>\n\t\t<\/section>\n\t\t\t\t<section class=\"elementor-section elementor-top-section elementor-element elementor-element-fd9925b elementor-section-stretched elementor-section-boxed elementor-section-height-default elementor-section-height-default wpr-particle-no wpr-jarallax-no wpr-parallax-no wpr-sticky-section-no wpr-equal-height-no\" data-id=\"fd9925b\" data-element_type=\"section\" data-e-type=\"section\" data-settings=\"{&quot;stretch_section&quot;:&quot;section-stretched&quot;,&quot;background_background&quot;:&quot;classic&quot;}\">\n\t\t\t\t\t\t<div class=\"elementor-container elementor-column-gap-wider\">\n\t\t\t\t\t<div class=\"elementor-column elementor-col-100 elementor-top-column elementor-element elementor-element-0f7a5e2\" data-id=\"0f7a5e2\" data-element_type=\"column\" data-e-type=\"column\">\n\t\t\t<div class=\"elementor-widget-wrap\">\n\t\t\t\t\t\t\t<\/div>\n\t\t<\/div>\n\t\t\t\t\t<\/div>\n\t\t<\/section>\n\t\t\t\t<section class=\"elementor-section elementor-top-section elementor-element elementor-element-4d4201c elementor-section-content-middle elementor-section-stretched elementor-section-boxed elementor-section-height-default elementor-section-height-default wpr-particle-no wpr-jarallax-no wpr-parallax-no wpr-sticky-section-no wpr-equal-height-no\" data-id=\"4d4201c\" data-element_type=\"section\" data-e-type=\"section\" data-settings=\"{&quot;stretch_section&quot;:&quot;section-stretched&quot;,&quot;background_background&quot;:&quot;classic&quot;}\">\n\t\t\t\t\t\t<div class=\"elementor-container elementor-column-gap-narrow\">\n\t\t\t\t\t<div class=\"elementor-column elementor-col-100 elementor-top-column elementor-element elementor-element-dec16bb\" data-id=\"dec16bb\" data-element_type=\"column\" data-e-type=\"column\">\n\t\t\t<div class=\"elementor-widget-wrap elementor-element-populated\">\n\t\t\t\t\t\t<div class=\"elementor-element elementor-element-4d66087 elementor-widget elementor-widget-spacer\" data-id=\"4d66087\" data-element_type=\"widget\" data-e-type=\"widget\" data-widget_type=\"spacer.default\">\n\t\t\t\t\t\t\t<div class=\"elementor-spacer\">\n\t\t\t<div class=\"elementor-spacer-inner\"><\/div>\n\t\t<\/div>\n\t\t\t\t\t\t<\/div>\n\t\t\t\t<section class=\"elementor-section elementor-inner-section elementor-element elementor-element-4f858bf elementor-section-boxed elementor-section-height-default elementor-section-height-default wpr-particle-no wpr-jarallax-no wpr-parallax-no wpr-sticky-section-no wpr-equal-height-no\" data-id=\"4f858bf\" data-element_type=\"section\" data-e-type=\"section\">\n\t\t\t\t\t\t<div class=\"elementor-container elementor-column-gap-extended\">\n\t\t\t\t\t<div class=\"elementor-column elementor-col-33 elementor-inner-column elementor-element elementor-element-73359a9\" data-id=\"73359a9\" data-element_type=\"column\" data-e-type=\"column\" data-settings=\"{&quot;background_background&quot;:&quot;classic&quot;}\">\n\t\t\t<div class=\"elementor-widget-wrap elementor-element-populated\">\n\t\t\t\t\t\t<div class=\"elementor-element elementor-element-f82af08 elementor-widget elementor-widget-image\" data-id=\"f82af08\" data-element_type=\"widget\" data-e-type=\"widget\" data-widget_type=\"image.default\">\n\t\t\t\t\t\t\t\t\t\t\t\t\t\t\t<img decoding=\"async\" width=\"101\" height=\"75\" src=\"https:\/\/christanell.2k-media.de\/wp-content\/uploads\/2026\/04\/1-101x75.png\" class=\"attachment-be_clients size-be_clients wp-image-135\" alt=\"\" srcset=\"https:\/\/christanell.2k-media.de\/wp-content\/uploads\/2026\/04\/1-101x75.png 101w, https:\/\/christanell.2k-media.de\/wp-content\/uploads\/2026\/04\/1-300x223.png 300w, https:\/\/christanell.2k-media.de\/wp-content\/uploads\/2026\/04\/1.png 388w\" sizes=\"(max-width:767px) 101px, 101px\" \/>\t\t\t\t\t\t\t\t\t\t\t\t\t\t\t<\/div>\n\t\t\t\t<div class=\"elementor-element elementor-element-7f43d5e elementor-widget elementor-widget-text-editor\" data-id=\"7f43d5e\" data-element_type=\"widget\" data-e-type=\"widget\" data-widget_type=\"text-editor.default\">\n\t\t\t\t\t\t\t\t\t<p><strong><span style=\"color: #353189;\">Leadership Coaching<\/span><\/strong><\/p>\t\t\t\t\t\t\t\t<\/div>\n\t\t\t\t<div class=\"elementor-element elementor-element-270300b elementor-widget elementor-widget-text-editor\" data-id=\"270300b\" data-element_type=\"widget\" data-e-type=\"widget\" data-widget_type=\"text-editor.default\">\n\t\t\t\t\t\t\t\t\t<p>\u00a0<\/p><p>Neue Rolle? Alte Muster? Manches l\u00e4sst sich nicht allein l\u00f6sen. Ob neue F\u00fchrungsrolle oder langj\u00e4hriger Teamleader: Im pers\u00f6nlichen Coaching geht es vor allem um dich. Deine Werte, deine Wirkung, deine innere Klarheit. Ich stelle dir die Fragen, die auch mal wehtun d\u00fcrfen und helfe dir, deine eigenen Antworten zu finden.<\/p>\t\t\t\t\t\t\t\t<\/div>\n\t\t\t\t<div class=\"elementor-element elementor-element-680690f elementor-widget elementor-widget-spacer\" data-id=\"680690f\" data-element_type=\"widget\" data-e-type=\"widget\" data-widget_type=\"spacer.default\">\n\t\t\t\t\t\t\t<div class=\"elementor-spacer\">\n\t\t\t<div class=\"elementor-spacer-inner\"><\/div>\n\t\t<\/div>\n\t\t\t\t\t\t<\/div>\n\t\t\t\t\t<\/div>\n\t\t<\/div>\n\t\t\t\t<div class=\"elementor-column elementor-col-33 elementor-inner-column elementor-element elementor-element-480d11b\" data-id=\"480d11b\" data-element_type=\"column\" data-e-type=\"column\" data-settings=\"{&quot;background_background&quot;:&quot;classic&quot;}\">\n\t\t\t<div class=\"elementor-widget-wrap elementor-element-populated\">\n\t\t\t\t\t\t<div class=\"elementor-element elementor-element-ea78775 elementor-widget elementor-widget-image\" data-id=\"ea78775\" data-element_type=\"widget\" data-e-type=\"widget\" data-widget_type=\"image.default\">\n\t\t\t\t\t\t\t\t\t\t\t\t\t\t\t<img decoding=\"async\" width=\"86\" height=\"75\" src=\"https:\/\/christanell.2k-media.de\/wp-content\/uploads\/2026\/04\/3-86x75.png\" class=\"attachment-be_clients size-be_clients wp-image-137\" alt=\"\" srcset=\"https:\/\/christanell.2k-media.de\/wp-content\/uploads\/2026\/04\/3-86x75.png 86w, https:\/\/christanell.2k-media.de\/wp-content\/uploads\/2026\/04\/3-300x261.png 300w, https:\/\/christanell.2k-media.de\/wp-content\/uploads\/2026\/04\/3.png 332w\" sizes=\"(max-width:767px) 86px, 86px\" \/>\t\t\t\t\t\t\t\t\t\t\t\t\t\t\t<\/div>\n\t\t\t\t<div class=\"elementor-element elementor-element-e78460a elementor-widget elementor-widget-text-editor\" data-id=\"e78460a\" data-element_type=\"widget\" data-e-type=\"widget\" data-widget_type=\"text-editor.default\">\n\t\t\t\t\t\t\t\t\t<p style=\"text-align: center;\"><strong><span style=\"color: #353189;\">Pers\u00f6nlichkeits-<br \/>training<\/span><\/strong><\/p>\t\t\t\t\t\t\t\t<\/div>\n\t\t\t\t<div class=\"elementor-element elementor-element-7c13665 elementor-widget elementor-widget-text-editor\" data-id=\"7c13665\" data-element_type=\"widget\" data-e-type=\"widget\" data-widget_type=\"text-editor.default\">\n\t\t\t\t\t\t\t\t\t<p>\u00a0<\/p><p>Manche sind fachlich stark, aber zur\u00fcckhaltend. Andere wirken nach au\u00dfen souver\u00e4n und zweifeln trotzdem an sich. Und wieder andere haben gelernt, sich anzupassen, statt f\u00fcr sich selbst einzustehen. Im Pers\u00f6nlichkeitstraining geht es darum, deine innere St\u00e4rke sp\u00fcrbar zu machen. Selbstwert aufbauen, Pr\u00e4senz entwickeln, Klarheit gewinnen, auch im Umgang mit dominanten Pers\u00f6nlichkeiten. Damit du dich zeigen kannst, wie du bist.<\/p>\t\t\t\t\t\t\t\t<\/div>\n\t\t\t\t<div class=\"elementor-element elementor-element-572fe63 elementor-widget elementor-widget-spacer\" data-id=\"572fe63\" data-element_type=\"widget\" data-e-type=\"widget\" data-widget_type=\"spacer.default\">\n\t\t\t\t\t\t\t<div class=\"elementor-spacer\">\n\t\t\t<div class=\"elementor-spacer-inner\"><\/div>\n\t\t<\/div>\n\t\t\t\t\t\t<\/div>\n\t\t\t\t\t<\/div>\n\t\t<\/div>\n\t\t\t\t<div class=\"elementor-column elementor-col-33 elementor-inner-column elementor-element elementor-element-b47f8bb\" data-id=\"b47f8bb\" data-element_type=\"column\" data-e-type=\"column\" data-settings=\"{&quot;background_background&quot;:&quot;classic&quot;}\">\n\t\t\t<div class=\"elementor-widget-wrap elementor-element-populated\">\n\t\t\t\t\t\t<div class=\"elementor-element elementor-element-7d1917c elementor-widget elementor-widget-image\" data-id=\"7d1917c\" data-element_type=\"widget\" data-e-type=\"widget\" data-widget_type=\"image.default\">\n\t\t\t\t\t\t\t\t\t\t\t\t\t\t\t<img decoding=\"async\" width=\"87\" height=\"75\" src=\"https:\/\/christanell.2k-media.de\/wp-content\/uploads\/2026\/04\/2-87x75.png\" class=\"attachment-be_clients size-be_clients wp-image-136\" alt=\"\" srcset=\"https:\/\/christanell.2k-media.de\/wp-content\/uploads\/2026\/04\/2-87x75.png 87w, https:\/\/christanell.2k-media.de\/wp-content\/uploads\/2026\/04\/2-300x260.png 300w, https:\/\/christanell.2k-media.de\/wp-content\/uploads\/2026\/04\/2.png 334w\" sizes=\"(max-width:767px) 87px, 87px\" \/>\t\t\t\t\t\t\t\t\t\t\t\t\t\t\t<\/div>\n\t\t\t\t<div class=\"elementor-element elementor-element-49c8fd9 elementor-widget elementor-widget-text-editor\" data-id=\"49c8fd9\" data-element_type=\"widget\" data-e-type=\"widget\" data-widget_type=\"text-editor.default\">\n\t\t\t\t\t\t\t\t\t<p><strong><span style=\"color: #353189;\">Moderation Teamtage \/ Klausuren<\/span><\/strong><\/p>\t\t\t\t\t\t\t\t<\/div>\n\t\t\t\t<div class=\"elementor-element elementor-element-8945cd5 elementor-widget elementor-widget-text-editor\" data-id=\"8945cd5\" data-element_type=\"widget\" data-e-type=\"widget\" data-widget_type=\"text-editor.default\">\n\t\t\t\t\t\t\t\t\t<p>Nachfolge, Strategie, Neuausrichtung\u2026 Viele Teamtage scheitern, bevor sie beginnen. Weil niemand wirklich hinh\u00f6rt. Oder sich traut, auch unangenehme Themen anzusprechen. Damit das nicht passiert, spreche ich im Vorfeld mit allen Teilnehmenden in einem gesch\u00fctzten Rahmen. So entstehen Vertrauen, Klarheit und ein gemeinsames Zielbild.<\/p>\t\t\t\t\t\t\t\t<\/div>\n\t\t\t\t<div class=\"elementor-element elementor-element-0aba127 elementor-widget elementor-widget-spacer\" data-id=\"0aba127\" data-element_type=\"widget\" data-e-type=\"widget\" data-widget_type=\"spacer.default\">\n\t\t\t\t\t\t\t<div class=\"elementor-spacer\">\n\t\t\t<div class=\"elementor-spacer-inner\"><\/div>\n\t\t<\/div>\n\t\t\t\t\t\t<\/div>\n\t\t\t\t\t<\/div>\n\t\t<\/div>\n\t\t\t\t\t<\/div>\n\t\t<\/section>\n\t\t\t\t<div class=\"elementor-element elementor-element-e718acd elementor-widget elementor-widget-spacer\" data-id=\"e718acd\" data-element_type=\"widget\" data-e-type=\"widget\" data-widget_type=\"spacer.default\">\n\t\t\t\t\t\t\t<div class=\"elementor-spacer\">\n\t\t\t<div class=\"elementor-spacer-inner\"><\/div>\n\t\t<\/div>\n\t\t\t\t\t\t<\/div>\n\t\t\t\t\t<\/div>\n\t\t<\/div>\n\t\t\t\t\t<\/div>\n\t\t<\/section>\n\t\t\t\t<\/div>\n\t\t","protected":false},"excerpt":{"rendered":"<p>Leistungen F\u00dcHRUNG NEU DENKEN UND LEBEN Leadership Coaching \u00a0 Neue Rolle? Alte Muster? Manches l\u00e4sst sich nicht allein l\u00f6sen. Ob neue F\u00fchrungsrolle oder langj\u00e4hriger Teamleader: Im<span class=\"excerpt-hellip\"> [\u2026]<\/span><\/p>\n","protected":false},"author":1,"featured_media":0,"parent":0,"menu_order":0,"comment_status":"open","ping_status":"closed","template":"","meta":{"footnotes":""},"class_list":["post-128","page","type-page","status-publish","hentry"],"acf":[],"_links":{"self":[{"href":"https:\/\/christanell.2k-media.de\/de\/wp-json\/wp\/v2\/pages\/128","targetHints":{"allow":["GET"]}}],"collection":[{"href":"https:\/\/christanell.2k-media.de\/de\/wp-json\/wp\/v2\/pages"}],"about":[{"href":"https:\/\/christanell.2k-media.de\/de\/wp-json\/wp\/v2\/types\/page"}],"author":[{"embeddable":true,"href":"https:\/\/christanell.2k-media.de\/de\/wp-json\/wp\/v2\/users\/1"}],"replies":[{"embeddable":true,"href":"https:\/\/christanell.2k-media.de\/de\/wp-json\/wp\/v2\/comments?post=128"}],"version-history":[{"count":55,"href":"https:\/\/christanell.2k-media.de\/de\/wp-json\/wp\/v2\/pages\/128\/revisions"}],"predecessor-version":[{"id":1198,"href":"https:\/\/christanell.2k-media.de\/de\/wp-json\/wp\/v2\/pages\/128\/revisions\/1198"}],"wp:attachment":[{"href":"https:\/\/christanell.2k-media.de\/de\/wp-json\/wp\/v2\/media?parent=128"}],"curies":[{"name":"wp","href":"https:\/\/api.w.org\/{rel}","templated":true}]}}