{"id":90,"date":"2026-04-18T10:32:17","date_gmt":"2026-04-18T08:32:17","guid":{"rendered":"http:\/\/christanell.2k-media.de\/?page_id=90"},"modified":"2026-04-27T02:33:03","modified_gmt":"2026-04-27T00:33:03","slug":"kundenstimmen","status":"publish","type":"page","link":"https:\/\/christanell.2k-media.de\/de\/kundenstimmen\/","title":{"rendered":"Kundenstimmen"},"content":{"rendered":"\t\t<div data-elementor-type=\"wp-page\" data-elementor-id=\"90\" class=\"elementor elementor-90\">\n\t\t\t\t\t\t<section class=\"elementor-section elementor-top-section elementor-element elementor-element-de8ce63 elementor-section-stretched elementor-section-boxed elementor-section-height-default elementor-section-height-default wpr-particle-no wpr-jarallax-no wpr-parallax-no wpr-sticky-section-no wpr-equal-height-no\" data-id=\"de8ce63\" data-element_type=\"section\" data-e-type=\"section\" data-settings=\"{&quot;stretch_section&quot;:&quot;section-stretched&quot;,&quot;background_background&quot;:&quot;classic&quot;}\">\n\t\t\t\t\t\t<div class=\"elementor-container elementor-column-gap-wider\">\n\t\t\t\t\t<div class=\"elementor-column elementor-col-100 elementor-top-column elementor-element elementor-element-07da54d\" data-id=\"07da54d\" data-element_type=\"column\" data-e-type=\"column\">\n\t\t\t<div class=\"elementor-widget-wrap elementor-element-populated\">\n\t\t\t\t\t\t<div class=\"elementor-element elementor-element-788f626 elementor-widget elementor-widget-heading\" data-id=\"788f626\" data-element_type=\"widget\" data-e-type=\"widget\" data-widget_type=\"heading.default\">\n\t\t\t\t\t<h2 class=\"elementor-heading-title elementor-size-default\">Kundenstimmen<\/h2>\t\t\t\t<\/div>\n\t\t\t\t<section class=\"elementor-section elementor-inner-section elementor-element elementor-element-956f9e9 elementor-section-boxed elementor-section-height-default elementor-section-height-default wpr-particle-no wpr-jarallax-no wpr-parallax-no wpr-sticky-section-no wpr-equal-height-no\" data-id=\"956f9e9\" data-element_type=\"section\" data-e-type=\"section\">\n\t\t\t\t\t\t<div class=\"elementor-container elementor-column-gap-wider\">\n\t\t\t\t\t<div class=\"elementor-column elementor-col-50 elementor-inner-column elementor-element elementor-element-a5b1d70\" data-id=\"a5b1d70\" data-element_type=\"column\" data-e-type=\"column\" data-settings=\"{&quot;background_background&quot;:&quot;classic&quot;}\">\n\t\t\t<div class=\"elementor-widget-wrap elementor-element-populated\">\n\t\t\t\t\t\t<div class=\"elementor-element elementor-element-72ea44d elementor-widget elementor-widget-text-editor\" data-id=\"72ea44d\" data-element_type=\"widget\" data-e-type=\"widget\" data-widget_type=\"text-editor.default\">\n\t\t\t\t\t\t\t\t\t<h5><strong>Leadership Coaching<\/strong><\/h5><p>\u201eKilian hat mich in einer wichtigen Phase \u2013 der Unternehmens\u00fcbergabe \u2013 begleitet.<br \/>Seine ruhige Art, die gezielten Fragen und sein strategischer Blick haben mir geholfen, meine St\u00e4rken klarer zu sehen und mutige Schritte zu setzen. Ich habe in ihm genau den Coach gefunden, den ich gebraucht habe.\u201c<\/p><p><em><strong>\u2014 Natalie, Unternehmerin<\/strong><\/em><\/p>\t\t\t\t\t\t\t\t<\/div>\n\t\t\t\t<div class=\"elementor-element elementor-element-0d3995c elementor-widget elementor-widget-spacer\" data-id=\"0d3995c\" data-element_type=\"widget\" data-e-type=\"widget\" data-widget_type=\"spacer.default\">\n\t\t\t\t\t\t\t<div class=\"elementor-spacer\">\n\t\t\t<div class=\"elementor-spacer-inner\"><\/div>\n\t\t<\/div>\n\t\t\t\t\t\t<\/div>\n\t\t\t\t<div class=\"elementor-element elementor-element-0de8b96 elementor-widget elementor-widget-text-editor\" data-id=\"0de8b96\" data-element_type=\"widget\" data-e-type=\"widget\" data-widget_type=\"text-editor.default\">\n\t\t\t\t\t\t\t\t\t<h5><strong>Pers\u00f6nlichkeitstraining<\/strong><\/h5><p>\u201eIch war in einer Phase, in der vieles unklar war, beruflich und privat. Durch Kilians ehrliche, wertsch\u00e4tzende Gespr\u00e4che habe ich Schritt f\u00fcr Schritt wieder Orientierung gefunden. Aus vielen Fragezeichen wurden Ausrufezeichen. Ich bin dankbar, die richtige Unterst\u00fctzung gefunden zu haben.\u201c<\/p><p><em><strong>\u2014 Gabriela<\/strong><\/em><\/p>\t\t\t\t\t\t\t\t<\/div>\n\t\t\t\t<div class=\"elementor-element elementor-element-2b54911 elementor-widget elementor-widget-spacer\" data-id=\"2b54911\" data-element_type=\"widget\" data-e-type=\"widget\" data-widget_type=\"spacer.default\">\n\t\t\t\t\t\t\t<div class=\"elementor-spacer\">\n\t\t\t<div class=\"elementor-spacer-inner\"><\/div>\n\t\t<\/div>\n\t\t\t\t\t\t<\/div>\n\t\t\t\t<div class=\"elementor-element elementor-element-c24764e elementor-widget elementor-widget-text-editor\" data-id=\"c24764e\" data-element_type=\"widget\" data-e-type=\"widget\" data-widget_type=\"text-editor.default\">\n\t\t\t\t\t\t\t\t\t<h5><strong>Klausurmoderation<\/strong><\/h5><p>\u201eKilian hat unser Team mit viel Feingef\u00fchl abgeholt. Die Vorbereitungsgespr\u00e4che waren der Schl\u00fcssel f\u00fcr ein produktives Wochenende. Besonders beeindruckt hat mich, wie er Vertrauen aufgebaut und schwierige Themen gut begleitet hat. Meine Erwartungen wurden \u00fcbertroffen.\u201c<\/p><p><em><strong>\u2014 Thomas, Hoteldirektor<\/strong><\/em><\/p>\t\t\t\t\t\t\t\t<\/div>\n\t\t\t\t<div class=\"elementor-element elementor-element-3ad5349 elementor-widget elementor-widget-spacer\" data-id=\"3ad5349\" data-element_type=\"widget\" data-e-type=\"widget\" data-widget_type=\"spacer.default\">\n\t\t\t\t\t\t\t<div class=\"elementor-spacer\">\n\t\t\t<div class=\"elementor-spacer-inner\"><\/div>\n\t\t<\/div>\n\t\t\t\t\t\t<\/div>\n\t\t\t\t<div class=\"elementor-element elementor-element-e6f20dc elementor-widget elementor-widget-text-editor\" data-id=\"e6f20dc\" data-element_type=\"widget\" data-e-type=\"widget\" data-widget_type=\"text-editor.default\">\n\t\t\t\t\t\t\t\t\t<div><strong>Gest\u00e4rktes Wir-Gef\u00fchl im Team<\/strong><\/div><div>\u00a0<\/div><div>\u201eEinhellige Meinung des Teams: Das Wir-Gef\u00fchl wurde gest\u00e4rkt, niemand hatte das Gef\u00fchl Aufgaben werden \u00fcber seinen Kopf hinweg verteilt. Der angenehme Klausurrahmen hat uns wie von selbst eine Struktur finden lassen, wie und in welchem Zeitraum wir Wissen \u00fcbertragen und uns neu aufstellen. DANKE Kilian!\u201c<\/div><div>\u00a0<\/div><div><em><strong>\u2014 Eva, Universit\u00e4t Wien<\/strong><\/em><\/div>\t\t\t\t\t\t\t\t<\/div>\n\t\t\t\t<div class=\"elementor-element elementor-element-03acd84 elementor-widget elementor-widget-spacer\" data-id=\"03acd84\" data-element_type=\"widget\" data-e-type=\"widget\" data-widget_type=\"spacer.default\">\n\t\t\t\t\t\t\t<div class=\"elementor-spacer\">\n\t\t\t<div class=\"elementor-spacer-inner\"><\/div>\n\t\t<\/div>\n\t\t\t\t\t\t<\/div>\n\t\t\t\t<div class=\"elementor-element elementor-element-c0773b2 elementor-widget elementor-widget-text-editor\" data-id=\"c0773b2\" data-element_type=\"widget\" data-e-type=\"widget\" data-widget_type=\"text-editor.default\">\n\t\t\t\t\t\t\t\t\t<div><strong>Neue Perspektiven f\u00fcr den Berufsalltag<\/strong><\/div><div>\u00a0<\/div><div>\u201eLieber Kilian, vielen lieben Dank f\u00fcr das Zurechtr\u00fccken meines Blickwinkels auf meine Timeline. Damit hast du mir viele neue gro\u00dfartige M\u00f6glichkeiten f\u00fcr meinen Berufsalltag aufgezeigt.\u201c<\/div><div>\u00a0<\/div><div><em><strong>\u2014 Peter<\/strong><\/em><\/div>\t\t\t\t\t\t\t\t<\/div>\n\t\t\t\t<div class=\"elementor-element elementor-element-baa6d92 elementor-widget elementor-widget-spacer\" data-id=\"baa6d92\" data-element_type=\"widget\" data-e-type=\"widget\" data-widget_type=\"spacer.default\">\n\t\t\t\t\t\t\t<div class=\"elementor-spacer\">\n\t\t\t<div class=\"elementor-spacer-inner\"><\/div>\n\t\t<\/div>\n\t\t\t\t\t\t<\/div>\n\t\t\t\t<div class=\"elementor-element elementor-element-6918d52 elementor-widget elementor-widget-text-editor\" data-id=\"6918d52\" data-element_type=\"widget\" data-e-type=\"widget\" data-widget_type=\"text-editor.default\">\n\t\t\t\t\t\t\t\t\t<div><strong>Motivation mit echter Steighilfe<\/strong><\/div><div>\u00a0<\/div><div>\u201eKilian versteht es auf sehr empathische und dabei unaufdringliche Weise zu motivieren und zu aktivieren. Scheinbar Un\u00fcberwindbares l\u00e4sst er machbar werden und der darauffolgende gemeinsame Aufstieg auf den einen oder anderen Berg wird zum Erfolgserlebnis. Dankesch\u00f6n f\u00fcr deine Steighilfe, lieber Kilian!\u201c<\/div><div>\u00a0<\/div><div><em><strong>\u2014 Sabina<\/strong><\/em><\/div>\t\t\t\t\t\t\t\t<\/div>\n\t\t\t\t<div class=\"elementor-element elementor-element-3ec494f elementor-widget elementor-widget-spacer\" data-id=\"3ec494f\" data-element_type=\"widget\" data-e-type=\"widget\" data-widget_type=\"spacer.default\">\n\t\t\t\t\t\t\t<div class=\"elementor-spacer\">\n\t\t\t<div class=\"elementor-spacer-inner\"><\/div>\n\t\t<\/div>\n\t\t\t\t\t\t<\/div>\n\t\t\t\t<div class=\"elementor-element elementor-element-80782b2 elementor-widget elementor-widget-text-editor\" data-id=\"80782b2\" data-element_type=\"widget\" data-e-type=\"widget\" data-widget_type=\"text-editor.default\">\n\t\t\t\t\t\t\t\t\t<div><strong>L\u00f6sungen entstehen im Gespr\u00e4ch<\/strong><\/div><div>\u00a0<\/div><div>\u201eEs gelingt dir vorz\u00fcglich, dich mit deinem Gegen\u00fcber zu verbinden, Informationen wertfrei in einem liebevollen Setting aufzunehmen und daraus intuitiv die richtigen Fragen zu stellen, um die L\u00f6sung herbeizuf\u00fchren.\u201c<\/div><div>\u00a0<\/div><div><em><strong>\u2014 Patricia<\/strong><\/em><\/div>\t\t\t\t\t\t\t\t<\/div>\n\t\t\t\t<div class=\"elementor-element elementor-element-7417fd8 elementor-widget elementor-widget-spacer\" data-id=\"7417fd8\" data-element_type=\"widget\" data-e-type=\"widget\" data-widget_type=\"spacer.default\">\n\t\t\t\t\t\t\t<div class=\"elementor-spacer\">\n\t\t\t<div class=\"elementor-spacer-inner\"><\/div>\n\t\t<\/div>\n\t\t\t\t\t\t<\/div>\n\t\t\t\t<div class=\"elementor-element elementor-element-c19b96b elementor-widget elementor-widget-text-editor\" data-id=\"c19b96b\" data-element_type=\"widget\" data-e-type=\"widget\" data-widget_type=\"text-editor.default\">\n\t\t\t\t\t\t\t\t\t<div><strong>Potenziale erkennen und entfalten<\/strong><\/div><div>\u00a0<\/div><div>\u201eHerr Christanell schafft auf ganz nat\u00fcrliche Weise ein offenes und empathisches Gespr\u00e4chsklima mit Wohlf\u00fchlfaktor. Es gelingt ihm auch in seinen Online-Coachings, Potentiale und Knackpunkte seines Gegen\u00fcbers sehr schnell zu erkennen und gezielt und entspannt zu bearbeiten. Seine praktischen Tipps sind auf die jeweilige Pers\u00f6nlichkeitsstruktur optimal zugeschnitten.\u201c<\/div><div>\u00a0<\/div><div><em><strong>\u2014 Markus\u00a0<\/strong><\/em><\/div>\t\t\t\t\t\t\t\t<\/div>\n\t\t\t\t<div class=\"elementor-element elementor-element-3b6a4a1 elementor-widget elementor-widget-spacer\" data-id=\"3b6a4a1\" data-element_type=\"widget\" data-e-type=\"widget\" data-widget_type=\"spacer.default\">\n\t\t\t\t\t\t\t<div class=\"elementor-spacer\">\n\t\t\t<div class=\"elementor-spacer-inner\"><\/div>\n\t\t<\/div>\n\t\t\t\t\t\t<\/div>\n\t\t\t\t<div class=\"elementor-element elementor-element-1c68273 elementor-widget elementor-widget-text-editor\" data-id=\"1c68273\" data-element_type=\"widget\" data-e-type=\"widget\" data-widget_type=\"text-editor.default\">\n\t\t\t\t\t\t\t\t\t<div><strong>Leichtigkeit durch Transformation<\/strong><\/div><div>\u00a0<\/div><div>\u201eDu ermutigst deine Klienten und Klientinnen Emotionen zu leben, wei\u00dft sie im richtigen Moment aufzugreifen, indem du genau da ankn\u00fcpfst, wo dein Gegen\u00fcber stehen bleibt, und erm\u00f6glichst ihnen dadurch den Fluss, was zu mehr Leichtigkeit im Sein aufgrund der Transformation dieser f\u00fchrt\u201c<\/div><div>\u00a0<\/div><div><em><strong>\u2014 Patricia<\/strong><\/em><\/div>\t\t\t\t\t\t\t\t<\/div>\n\t\t\t\t\t<\/div>\n\t\t<\/div>\n\t\t\t\t<div class=\"elementor-column elementor-col-50 elementor-inner-column elementor-element elementor-element-b3672c4\" data-id=\"b3672c4\" data-element_type=\"column\" data-e-type=\"column\" data-settings=\"{&quot;background_background&quot;:&quot;classic&quot;}\">\n\t\t\t<div class=\"elementor-widget-wrap elementor-element-populated\">\n\t\t\t\t\t\t<div class=\"elementor-element elementor-element-5a5269f elementor-widget elementor-widget-text-editor\" data-id=\"5a5269f\" data-element_type=\"widget\" data-e-type=\"widget\" data-widget_type=\"text-editor.default\">\n\t\t\t\t\t\t\t\t\t<h1>DAS SAGEN ANDERE \u00dcBER MICH<\/h1>\t\t\t\t\t\t\t\t<\/div>\n\t\t\t\t<div class=\"elementor-element elementor-element-3d56828 elementor-widget elementor-widget-spacer\" data-id=\"3d56828\" data-element_type=\"widget\" data-e-type=\"widget\" data-widget_type=\"spacer.default\">\n\t\t\t\t\t\t\t<div class=\"elementor-spacer\">\n\t\t\t<div class=\"elementor-spacer-inner\"><\/div>\n\t\t<\/div>\n\t\t\t\t\t\t<\/div>\n\t\t\t\t\t<\/div>\n\t\t<\/div>\n\t\t\t\t\t<\/div>\n\t\t<\/section>\n\t\t\t\t\t<\/div>\n\t\t<\/div>\n\t\t\t\t\t<\/div>\n\t\t<\/section>\n\t\t\t\t<section class=\"elementor-section elementor-top-section elementor-element elementor-element-8ea69c3 elementor-section-stretched elementor-section-full_width elementor-section-height-default elementor-section-height-default wpr-particle-no wpr-jarallax-no wpr-parallax-no wpr-sticky-section-no wpr-equal-height-no\" data-id=\"8ea69c3\" data-element_type=\"section\" data-e-type=\"section\" data-settings=\"{&quot;stretch_section&quot;:&quot;section-stretched&quot;,&quot;background_background&quot;:&quot;classic&quot;}\">\n\t\t\t\t\t\t<div class=\"elementor-container elementor-column-gap-no\">\n\t\t\t\t\t<div class=\"elementor-column elementor-col-100 elementor-top-column elementor-element elementor-element-5eff47a\" data-id=\"5eff47a\" data-element_type=\"column\" data-e-type=\"column\">\n\t\t\t<div class=\"elementor-widget-wrap elementor-element-populated\">\n\t\t\t\t\t\t<div class=\"elementor-element elementor-element-e5b02af elementor-widget elementor-widget-spacer\" data-id=\"e5b02af\" data-element_type=\"widget\" data-e-type=\"widget\" data-widget_type=\"spacer.default\">\n\t\t\t\t\t\t\t<div class=\"elementor-spacer\">\n\t\t\t<div class=\"elementor-spacer-inner\"><\/div>\n\t\t<\/div>\n\t\t\t\t\t\t<\/div>\n\t\t\t\t\t<\/div>\n\t\t<\/div>\n\t\t\t\t\t<\/div>\n\t\t<\/section>\n\t\t\t\t<\/div>\n\t\t","protected":false},"excerpt":{"rendered":"<p>Kundenstimmen Leadership Coaching \u201eKilian hat mich in einer wichtigen Phase \u2013 der Unternehmens\u00fcbergabe \u2013 begleitet.Seine ruhige Art, die gezielten Fragen und sein strategischer Blick haben mir<span class=\"excerpt-hellip\"> [\u2026]<\/span><\/p>\n","protected":false},"author":1,"featured_media":0,"parent":0,"menu_order":0,"comment_status":"open","ping_status":"closed","template":"","meta":{"footnotes":""},"class_list":["post-90","page","type-page","status-publish","hentry"],"acf":[],"_links":{"self":[{"href":"https:\/\/christanell.2k-media.de\/de\/wp-json\/wp\/v2\/pages\/90","targetHints":{"allow":["GET"]}}],"collection":[{"href":"https:\/\/christanell.2k-media.de\/de\/wp-json\/wp\/v2\/pages"}],"about":[{"href":"https:\/\/christanell.2k-media.de\/de\/wp-json\/wp\/v2\/types\/page"}],"author":[{"embeddable":true,"href":"https:\/\/christanell.2k-media.de\/de\/wp-json\/wp\/v2\/users\/1"}],"replies":[{"embeddable":true,"href":"https:\/\/christanell.2k-media.de\/de\/wp-json\/wp\/v2\/comments?post=90"}],"version-history":[{"count":106,"href":"https:\/\/christanell.2k-media.de\/de\/wp-json\/wp\/v2\/pages\/90\/revisions"}],"predecessor-version":[{"id":1204,"href":"https:\/\/christanell.2k-media.de\/de\/wp-json\/wp\/v2\/pages\/90\/revisions\/1204"}],"wp:attachment":[{"href":"https:\/\/christanell.2k-media.de\/de\/wp-json\/wp\/v2\/media?parent=90"}],"curies":[{"name":"wp","href":"https:\/\/api.w.org\/{rel}","templated":true}]}}