{"id":425,"date":"2026-04-21T23:43:53","date_gmt":"2026-04-21T21:43:53","guid":{"rendered":"http:\/\/christanell.2k-media.de\/?page_id=425"},"modified":"2026-04-26T02:56:32","modified_gmt":"2026-04-26T00:56:32","slug":"imprint","status":"publish","type":"page","link":"https:\/\/christanell.2k-media.de\/en\/imprint\/","title":{"rendered":"Imprint"},"content":{"rendered":"<div data-elementor-type=\"wp-page\" data-elementor-id=\"425\" class=\"elementor elementor-425\">\n\t\t\t\t\t\t<section class=\"elementor-section elementor-top-section elementor-element elementor-element-cbfc8b1 elementor-section-stretched elementor-section-boxed elementor-section-height-default elementor-section-height-default wpr-particle-no wpr-jarallax-no wpr-parallax-no wpr-sticky-section-no wpr-equal-height-no\" data-id=\"cbfc8b1\" data-element_type=\"section\" data-e-type=\"section\" data-settings=\"{&quot;stretch_section&quot;:&quot;section-stretched&quot;,&quot;background_background&quot;:&quot;classic&quot;}\">\n\t\t\t\t\t\t<div class=\"elementor-container elementor-column-gap-wider\">\n\t\t\t\t\t<div class=\"elementor-column elementor-col-100 elementor-top-column elementor-element elementor-element-680e8d1\" data-id=\"680e8d1\" data-element_type=\"column\" data-e-type=\"column\">\n\t\t\t<div class=\"elementor-widget-wrap elementor-element-populated\">\n\t\t\t\t\t\t<div class=\"elementor-element elementor-element-d8e2e98 elementor-widget elementor-widget-heading\" data-id=\"d8e2e98\" data-element_type=\"widget\" data-e-type=\"widget\" data-widget_type=\"heading.default\">\n\t\t\t\t\t<h2 class=\"elementor-heading-title elementor-size-default\">Imprint<\/h2>\t\t\t\t<\/div>\n\t\t\t\t<section class=\"elementor-section elementor-inner-section elementor-element elementor-element-f617f0a elementor-section-boxed elementor-section-height-default elementor-section-height-default wpr-particle-no wpr-jarallax-no wpr-parallax-no wpr-sticky-section-no wpr-equal-height-no\" data-id=\"f617f0a\" data-element_type=\"section\" data-e-type=\"section\">\n\t\t\t\t\t\t<div class=\"elementor-container elementor-column-gap-wider\">\n\t\t\t\t\t<div class=\"elementor-column elementor-col-100 elementor-inner-column elementor-element elementor-element-d7950e9\" data-id=\"d7950e9\" data-element_type=\"column\" data-e-type=\"column\" data-settings=\"{&quot;background_background&quot;:&quot;classic&quot;}\">\n\t\t\t<div class=\"elementor-widget-wrap elementor-element-populated\">\n\t\t\t\t\t\t<div class=\"elementor-element elementor-element-b43b05d elementor-widget elementor-widget-text-editor\" data-id=\"b43b05d\" data-element_type=\"widget\" data-e-type=\"widget\" data-widget_type=\"text-editor.default\">\n\t\t\t\t\t\t\t\t\t<p>The contents of this website have been carefully compiled and checked. However, no guarantee can be given with regard to correctness, completeness, functionality, topicality and constant availability. All information is provided without guarantee. Our website contains links to external websites. We cannot accept any liability for this external content, which is the responsibility of the respective website operator.<\/p><p><strong>Service provider and media owner:<\/strong><br \/>Kilian Christanell<\/p><p><strong>Object of the company:<\/strong><br \/>Management consulting including business organization, marketing and sales<\/p><p><strong>Leaf line:<br \/><\/strong>Information for people in the start-up phase or the first few years after setting up their own business.<\/p><p><strong>Seat:<br \/><\/strong>Albertplatz 5\/2\/10<br \/>1080 Vienna<\/p><p><strong>E-Mail:<\/strong>\u00a0office@christanell.net<br \/><strong>Tel:\u00a0<\/strong><a class=\"kontakttel\" href=\"tel:+43 677 637 20 726\">+43 677 637 20 726<\/a><br \/><strong>Web:\u00a0<\/strong>www.christanell.net<\/p><p><strong>VAT number:<\/strong><br \/>ATU 66396027<\/p><p><strong>Bank details:<\/strong><br \/>Erste Bank Vienna<br \/>IBAN: AT51 2011 1295 4570 9105<br \/>Bank code: 20111<\/p><p>All contents of this site are subject to my copyright. Any use of the contents of this site requires express permission. Kilian Christanell accepts no liability for the content of linked pages.<br \/><img decoding=\"async\" class=\"wp-image-4154 alignnone\" src=\"https:\/\/www.christanell.net\/wp-content\/uploads\/2020\/12\/WKO-ECG-500x75-1-300x45.jpg\" sizes=\"(max-width: 207px) 100vw, 207px\" srcset=\"https:\/\/www.christanell.net\/wp-content\/uploads\/2020\/12\/WKO-ECG-500x75-1-300x45.jpg 300w, https:\/\/www.christanell.net\/wp-content\/uploads\/2020\/12\/WKO-ECG-500x75-1-24x4.jpg 24w, https:\/\/www.christanell.net\/wp-content\/uploads\/2020\/12\/WKO-ECG-500x75-1-36x5.jpg 36w, https:\/\/www.christanell.net\/wp-content\/uploads\/2020\/12\/WKO-ECG-500x75-1-48x7.jpg 48w, https:\/\/www.christanell.net\/wp-content\/uploads\/2020\/12\/WKO-ECG-500x75-1-400x60.jpg 400w, https:\/\/www.christanell.net\/wp-content\/uploads\/2020\/12\/WKO-ECG-500x75-1.jpg 500w\" alt=\"\" width=\"207\" height=\"31\" \/><\/p><p><strong>Link to the WKO page:<\/strong><br \/><a href=\"https:\/\/firmen.wko.at\/kilian-christanell-leadership-coach\/wien\/?firmaid=59b0febc-6287-4337-9cad-48cfb6d7d6e1&amp;standortid=1&amp;standortname=wien%20%28bundesland%29&amp;suchbegriff=christanell\" target=\"_blank\" rel=\"noopener noreferrer\">Kilian Christanell<\/a><\/p><p><strong>Web design and graphics:<\/strong><br \/>Robert Kern and Therese Fr\u00fchling<\/p><p><strong>Pictures:<\/strong><br \/>Martin Stachl - www.martinstachl.com<br \/>aBSicht - stock.adobe.com<\/p>\t\t\t\t\t\t\t\t<\/div>\n\t\t\t\t\t<\/div>\n\t\t<\/div>\n\t\t\t\t\t<\/div>\n\t\t<\/section>\n\t\t\t\t\t<\/div>\n\t\t<\/div>\n\t\t\t\t\t<\/div>\n\t\t<\/section>\n\t\t\t\t<section class=\"elementor-section elementor-top-section elementor-element elementor-element-ee278ae elementor-section-content-middle elementor-section-stretched elementor-section-full_width elementor-section-height-default elementor-section-height-default wpr-particle-no wpr-jarallax-no wpr-parallax-no wpr-sticky-section-no wpr-equal-height-no\" data-id=\"ee278ae\" data-element_type=\"section\" data-e-type=\"section\" data-settings=\"{&quot;stretch_section&quot;:&quot;section-stretched&quot;,&quot;background_background&quot;:&quot;classic&quot;}\">\n\t\t\t\t\t\t<div class=\"elementor-container elementor-column-gap-no\">\n\t\t\t\t\t<div class=\"elementor-column elementor-col-100 elementor-top-column elementor-element elementor-element-d8c5c47\" data-id=\"d8c5c47\" data-element_type=\"column\" data-e-type=\"column\">\n\t\t\t<div class=\"elementor-widget-wrap elementor-element-populated\">\n\t\t\t\t\t\t<div class=\"elementor-element elementor-element-d4c65ff elementor-widget elementor-widget-spacer\" data-id=\"d4c65ff\" data-element_type=\"widget\" data-e-type=\"widget\" data-widget_type=\"spacer.default\">\n\t\t\t\t\t\t\t<div class=\"elementor-spacer\">\n\t\t\t<div class=\"elementor-spacer-inner\"><\/div>\n\t\t<\/div>\n\t\t\t\t\t\t<\/div>\n\t\t\t\t\t<\/div>\n\t\t<\/div>\n\t\t\t\t\t<\/div>\n\t\t<\/section>\n\t\t\t\t<\/div>","protected":false},"excerpt":{"rendered":"<p>Impressum Die Inhalte dieser Website wurden sorgf\u00e4ltig zusammengestellt und \u00fcberpr\u00fcft. Es kann jedoch keine Garantie hinsichtlich Richtigkeit, Vollst\u00e4ndigkeit, Funktionalit\u00e4t, Aktualit\u00e4t und st\u00e4ndiger Verf\u00fcgbarkeit gegeben werden. Alle<span class=\"excerpt-hellip\"> [\u2026]<\/span><\/p>\n","protected":false},"author":1,"featured_media":0,"parent":0,"menu_order":0,"comment_status":"open","ping_status":"closed","template":"","meta":{"footnotes":""},"class_list":["post-425","page","type-page","status-publish","hentry"],"acf":[],"_links":{"self":[{"href":"https:\/\/christanell.2k-media.de\/en\/wp-json\/wp\/v2\/pages\/425","targetHints":{"allow":["GET"]}}],"collection":[{"href":"https:\/\/christanell.2k-media.de\/en\/wp-json\/wp\/v2\/pages"}],"about":[{"href":"https:\/\/christanell.2k-media.de\/en\/wp-json\/wp\/v2\/types\/page"}],"author":[{"embeddable":true,"href":"https:\/\/christanell.2k-media.de\/en\/wp-json\/wp\/v2\/users\/1"}],"replies":[{"embeddable":true,"href":"https:\/\/christanell.2k-media.de\/en\/wp-json\/wp\/v2\/comments?post=425"}],"version-history":[{"count":25,"href":"https:\/\/christanell.2k-media.de\/en\/wp-json\/wp\/v2\/pages\/425\/revisions"}],"predecessor-version":[{"id":996,"href":"https:\/\/christanell.2k-media.de\/en\/wp-json\/wp\/v2\/pages\/425\/revisions\/996"}],"wp:attachment":[{"href":"https:\/\/christanell.2k-media.de\/en\/wp-json\/wp\/v2\/media?parent=425"}],"curies":[{"name":"wp","href":"https:\/\/api.w.org\/{rel}","templated":true}]}}