{"id":91,"date":"2026-04-15T23:28:14","date_gmt":"2026-04-15T21:28:14","guid":{"rendered":"http:\/\/christanell.2k-media.de\/?page_id=91"},"modified":"2026-04-27T02:15:02","modified_gmt":"2026-04-27T00:15:02","slug":"career","status":"publish","type":"page","link":"https:\/\/christanell.2k-media.de\/en\/career\/","title":{"rendered":"Career"},"content":{"rendered":"<div data-elementor-type=\"wp-page\" data-elementor-id=\"91\" class=\"elementor elementor-91\">\n\t\t\t\t\t\t<section class=\"elementor-section elementor-top-section elementor-element elementor-element-cbfc8b1 elementor-section-stretched elementor-section-boxed elementor-section-height-default elementor-section-height-default wpr-particle-no wpr-jarallax-no wpr-parallax-no wpr-sticky-section-no wpr-equal-height-no\" data-id=\"cbfc8b1\" data-element_type=\"section\" data-e-type=\"section\" data-settings=\"{&quot;stretch_section&quot;:&quot;section-stretched&quot;,&quot;background_background&quot;:&quot;classic&quot;}\">\n\t\t\t\t\t\t<div class=\"elementor-container elementor-column-gap-wider\">\n\t\t\t\t\t<div class=\"elementor-column elementor-col-100 elementor-top-column elementor-element elementor-element-680e8d1\" data-id=\"680e8d1\" data-element_type=\"column\" data-e-type=\"column\">\n\t\t\t<div class=\"elementor-widget-wrap elementor-element-populated\">\n\t\t\t\t\t\t<div class=\"elementor-element elementor-element-4e59421 elementor-widget elementor-widget-heading\" data-id=\"4e59421\" data-element_type=\"widget\" data-e-type=\"widget\" data-widget_type=\"heading.default\">\n\t\t\t\t\t<h2 class=\"elementor-heading-title elementor-size-default\">Career<\/h2>\t\t\t\t<\/div>\n\t\t\t\t<section class=\"elementor-section elementor-inner-section elementor-element elementor-element-f617f0a elementor-section-boxed elementor-section-height-default elementor-section-height-default wpr-particle-no wpr-jarallax-no wpr-parallax-no wpr-sticky-section-no wpr-equal-height-no\" data-id=\"f617f0a\" data-element_type=\"section\" data-e-type=\"section\">\n\t\t\t\t\t\t<div class=\"elementor-container elementor-column-gap-wider\">\n\t\t\t\t\t<div class=\"elementor-column elementor-col-50 elementor-inner-column elementor-element elementor-element-d7950e9\" data-id=\"d7950e9\" data-element_type=\"column\" data-e-type=\"column\" data-settings=\"{&quot;background_background&quot;:&quot;classic&quot;}\">\n\t\t\t<div class=\"elementor-widget-wrap elementor-element-populated\">\n\t\t\t\t\t\t<div class=\"elementor-element elementor-element-8805e75 elementor-widget elementor-widget-text-editor\" data-id=\"8805e75\" data-element_type=\"widget\" data-e-type=\"widget\" data-widget_type=\"text-editor.default\">\n\t\t\t\t\t\t\t\t\t<div id=\"nospace\" class=\"tm_pb_text tm_pb_module tm_pb_bg_layout_light tm_pb_text_align_left main-title tm_pb_text_0\"><h1><span style=\"color: #353189;\"><strong>Kilian Christanell \u2013 selbstsicher f\u00fchren, selbstbewusst leben<\/strong><\/span><\/h1><\/div><div class=\"tm_pb_text tm_pb_module tm_pb_bg_layout_light tm_pb_text_align_left tm_pb_text_1\"><h5><span style=\"color: #353189;\"><strong>Leadership coach - personality trainer - moderator<\/strong><\/span><\/h5><\/div>\t\t\t\t\t\t\t\t<\/div>\n\t\t\t\t<div class=\"elementor-element elementor-element-b43b05d elementor-widget elementor-widget-text-editor\" data-id=\"b43b05d\" data-element_type=\"widget\" data-e-type=\"widget\" data-widget_type=\"text-editor.default\">\n\t\t\t\t\t\t\t\t\t<ul><li>Management consultant including business organization, marketing and sales<\/li><li>25 years of experience as a manager in marketing, customer service and sales<\/li><li>Studied business administration at the Vienna University of Economics and Business<\/li><li>Semester abroad University of Nebraska Omaha, USA<\/li><\/ul>\t\t\t\t\t\t\t\t<\/div>\n\t\t\t\t<div class=\"elementor-element elementor-element-e665177 elementor-widget elementor-widget-text-editor\" data-id=\"e665177\" data-element_type=\"widget\" data-e-type=\"widget\" data-widget_type=\"text-editor.default\">\n\t\t\t\t\t\t\t\t\t<p>I was born and grew up in Bolzano, South Tyrol (Italy). After attending the commercial academy, I moved to Vienna (1989). The reason for this was to study economics.<br \/><br \/><\/p><p>During my studies, I already worked part-time and gained my first professional experience in market research. I then gained further professional experience in quality management at Erste Bank. In 1998, I accepted an exciting job offer at the Austrian Computer Society. The European Computer Driving License was about to be rolled out in Austria. I was to play a very important part in the success story of the ECDL. For 19 years, I worked in many areas, such as quality assurance, customer service, sales and marketing. Even back then, I was very interested in dealing with employees and customers. I got to know so many different people and this is where my passion came from, which I pursue today.<br \/><br \/><\/p><p>Before I took the plunge into self-employment, I worked for two other companies (IT security, software development) as Partner Manager and Head of Sales.<br \/><br \/><\/p><p>Zu Jahresbeginn 2020 startete ich meine berufliche Selbstst\u00e4ndigkeit. In der Vorbereitung dazu bin ich geistig in meine Kindheit und Jugendzeit zur\u00fcckgekehrt und habe mich hineingef\u00fchlt. Viele tiefgr\u00fcndige Freundschaften sind damals entstanden, weil mir der Austausch mit dem Menschen so wichtig war und auch heute noch ist. Dieser Austausch hat mich so stark gepr\u00e4gt und dem bin ich dann speziell im Berufsleben t\u00e4glich wieder begegnet. Es waren die unz\u00e4hligen Gesch\u00e4ftsbeziehungen im bisherigen Businessleben, die so vielen Partnerschaften mit so vielen Kunden, die mir auch immer wieder von der Gegenseite best\u00e4tigt wurden, die mich bewegt und angetrieben haben, mich noch n\u00e4her damit zu besch\u00e4ftigen. Beratung und Verkauf waren so eng miteinander verstrickt. Auch das F\u00fchren von Mitarbeitern in meinen diversen Vertriebsteams hat ebenfalls dazu beigetragen, dass ich mein Einf\u00fchlungsverm\u00f6gen sowie meine Einzelwahrnehmung noch weiter steigern konnte. Diese vielen Erfahrungen und Expertisen bin ich heute bereit, mit meinen zuk\u00fcnftigen Kunden und Kundinnen zu teilen.<br \/><br \/><\/p><p>Heute lebe ich gr\u00f6\u00dftenteils in Wien. Ich bin verheiratet und habe 2 erwachsene Kinder, Sohn und Tochter.<br \/><br \/><\/p><p>Ich verbringe meine freie Zeit und Ferien am liebsten in den Dolomiten (S\u00fcdtirol).<\/p>\t\t\t\t\t\t\t\t<\/div>\n\t\t\t\t\t<\/div>\n\t\t<\/div>\n\t\t\t\t<div class=\"elementor-column elementor-col-50 elementor-inner-column elementor-element elementor-element-ce48bbe\" data-id=\"ce48bbe\" data-element_type=\"column\" data-e-type=\"column\" data-settings=\"{&quot;background_background&quot;:&quot;classic&quot;}\">\n\t\t\t<div class=\"elementor-widget-wrap elementor-element-populated\">\n\t\t\t\t\t\t<div class=\"elementor-element elementor-element-322d5e9 elementor-widget elementor-widget-spacer\" data-id=\"322d5e9\" data-element_type=\"widget\" data-e-type=\"widget\" data-widget_type=\"spacer.default\">\n\t\t\t\t\t\t\t<div class=\"elementor-spacer\">\n\t\t\t<div class=\"elementor-spacer-inner\"><\/div>\n\t\t<\/div>\n\t\t\t\t\t\t<\/div>\n\t\t\t\t\t<\/div>\n\t\t<\/div>\n\t\t\t\t\t<\/div>\n\t\t<\/section>\n\t\t\t\t\t<\/div>\n\t\t<\/div>\n\t\t\t\t\t<\/div>\n\t\t<\/section>\n\t\t\t\t<section class=\"elementor-section elementor-top-section elementor-element elementor-element-ee278ae elementor-section-content-middle elementor-section-stretched elementor-section-full_width elementor-section-height-default elementor-section-height-default wpr-particle-no wpr-jarallax-no wpr-parallax-no wpr-sticky-section-no wpr-equal-height-no\" data-id=\"ee278ae\" data-element_type=\"section\" data-e-type=\"section\" data-settings=\"{&quot;stretch_section&quot;:&quot;section-stretched&quot;,&quot;background_background&quot;:&quot;classic&quot;}\">\n\t\t\t\t\t\t<div class=\"elementor-container elementor-column-gap-no\">\n\t\t\t\t\t<div class=\"elementor-column elementor-col-100 elementor-top-column elementor-element elementor-element-209dd16\" data-id=\"209dd16\" data-element_type=\"column\" data-e-type=\"column\">\n\t\t\t<div class=\"elementor-widget-wrap elementor-element-populated\">\n\t\t\t\t\t\t<div class=\"elementor-element elementor-element-915a1c5 elementor-widget elementor-widget-spacer\" data-id=\"915a1c5\" data-element_type=\"widget\" data-e-type=\"widget\" data-widget_type=\"spacer.default\">\n\t\t\t\t\t\t\t<div class=\"elementor-spacer\">\n\t\t\t<div class=\"elementor-spacer-inner\"><\/div>\n\t\t<\/div>\n\t\t\t\t\t\t<\/div>\n\t\t\t\t\t<\/div>\n\t\t<\/div>\n\t\t\t\t\t<\/div>\n\t\t<\/section>\n\t\t\t\t<\/div>","protected":false},"excerpt":{"rendered":"<p>Werdegang Kilian Christanell \u2013 selbstsicher f\u00fchren, selbstbewusst leben Leadership Coach \u2013 Pers\u00f6nlichkeitstrainer \u2013 Moderator Unternehmensberater einschlie\u00dflich Unternehmensorganisation, Marketing und Vertrieb 25 Jahre Erfahrung als F\u00fchrungskraft im<span class=\"excerpt-hellip\"> [\u2026]<\/span><\/p>\n","protected":false},"author":1,"featured_media":0,"parent":0,"menu_order":0,"comment_status":"open","ping_status":"closed","template":"","meta":{"footnotes":""},"class_list":["post-91","page","type-page","status-publish","hentry"],"acf":[],"_links":{"self":[{"href":"https:\/\/christanell.2k-media.de\/en\/wp-json\/wp\/v2\/pages\/91","targetHints":{"allow":["GET"]}}],"collection":[{"href":"https:\/\/christanell.2k-media.de\/en\/wp-json\/wp\/v2\/pages"}],"about":[{"href":"https:\/\/christanell.2k-media.de\/en\/wp-json\/wp\/v2\/types\/page"}],"author":[{"embeddable":true,"href":"https:\/\/christanell.2k-media.de\/en\/wp-json\/wp\/v2\/users\/1"}],"replies":[{"embeddable":true,"href":"https:\/\/christanell.2k-media.de\/en\/wp-json\/wp\/v2\/comments?post=91"}],"version-history":[{"count":71,"href":"https:\/\/christanell.2k-media.de\/en\/wp-json\/wp\/v2\/pages\/91\/revisions"}],"predecessor-version":[{"id":1168,"href":"https:\/\/christanell.2k-media.de\/en\/wp-json\/wp\/v2\/pages\/91\/revisions\/1168"}],"wp:attachment":[{"href":"https:\/\/christanell.2k-media.de\/en\/wp-json\/wp\/v2\/media?parent=91"}],"curies":[{"name":"wp","href":"https:\/\/api.w.org\/{rel}","templated":true}]}}